{"id":163,"date":"2025-12-26T05:04:34","date_gmt":"2025-12-26T05:04:34","guid":{"rendered":"https:\/\/vinilesarte.com\/?page_id=163"},"modified":"2025-12-26T06:02:39","modified_gmt":"2025-12-26T06:02:39","slug":"diseno-grafico-2","status":"publish","type":"page","link":"https:\/\/vinilesarte.com\/?page_id=163","title":{"rendered":"Dise\u00f1o Gr\u00e1fico"},"content":{"rendered":"<p>[et_pb_section fb_built=&#8221;1&#8243; _builder_version=&#8221;4.27.5&#8243; _module_preset=&#8221;default&#8221; background_color=&#8221;#000000&#8243; background_image=&#8221;http:\/\/vinilesarte.com\/wp-content\/uploads\/2025\/12\/VINILES.png&#8221; parallax=&#8221;on&#8221; background_blend=&#8221;luminosity&#8221; custom_padding=&#8221;326px||0px|||&#8221; hover_enabled=&#8221;0&#8243; global_colors_info=&#8221;{}&#8221; sticky_enabled=&#8221;0&#8243;][et_pb_row _builder_version=&#8221;4.16&#8243; _module_preset=&#8221;default&#8221; width=&#8221;90%&#8221; max_width=&#8221;1250px&#8221; custom_padding=&#8221;||48px|||&#8221; global_colors_info=&#8221;{}&#8221;][et_pb_column type=&#8221;4_4&#8243; _builder_version=&#8221;4.16&#8243; _module_preset=&#8221;default&#8221; global_colors_info=&#8221;{}&#8221;][et_pb_text _builder_version=&#8221;4.27.5&#8243; _module_preset=&#8221;default&#8221; header_font=&#8221;Abel|700|||||||&#8221; header_text_color=&#8221;#FFFFFF&#8221; header_font_size=&#8221;53px&#8221; custom_margin=&#8221;||-3px|||&#8221; header_text_shadow_style=&#8221;preset1&#8243; global_colors_info=&#8221;{}&#8221;]<\/p>\n<h1>DISE\u00d1O GR\u00c1FICO DIGITAL<\/h1>\n<p>[\/et_pb_text][et_pb_text _builder_version=&#8221;4.16&#8243; _module_preset=&#8221;default&#8221; header_2_font=&#8221;||||||||&#8221; header_2_text_color=&#8221;#FFFFFF&#8221; header_2_font_size=&#8221;33px&#8221; header_2_text_shadow_style=&#8221;preset1&#8243; global_colors_info=&#8221;{}&#8221;]<\/p>\n<h2>La tecnolog\u00eda impulsa lo que imaginas.<\/h2>\n<p>[\/et_pb_text][\/et_pb_column][\/et_pb_row][\/et_pb_section][et_pb_section fb_built=&#8221;1&#8243; _builder_version=&#8221;4.16&#8243; _module_preset=&#8221;default&#8221; custom_margin=&#8221;-2px|||||&#8221; global_colors_info=&#8221;{}&#8221;][et_pb_row _builder_version=&#8221;4.16&#8243; _module_preset=&#8221;default&#8221; width=&#8221;90%&#8221; max_width=&#8221;1250px&#8221; global_colors_info=&#8221;{}&#8221;][et_pb_column type=&#8221;4_4&#8243; _builder_version=&#8221;4.16&#8243; _module_preset=&#8221;default&#8221; global_colors_info=&#8221;{}&#8221;][et_pb_text _builder_version=&#8221;4.27.5&#8243; _module_preset=&#8221;default&#8221; text_text_color=&#8221;#B3B3B3&#8243; header_font=&#8221;|600|||||||&#8221; header_text_color=&#8221;#88C4DD&#8221; header_font_size=&#8221;55px&#8221; text_orientation=&#8221;center&#8221; global_colors_info=&#8221;{}&#8221;]<\/p>\n<h1 style=\"text-align: left;\">Dale vida a tu marca y haz que tus espacios hablen por ti.<\/h1>\n<p>[\/et_pb_text][\/et_pb_column][\/et_pb_row][et_pb_row _builder_version=&#8221;4.16&#8243; _module_preset=&#8221;default&#8221; width=&#8221;90%&#8221; max_width=&#8221;1250px&#8221; custom_padding=&#8221;4px|||||&#8221; global_colors_info=&#8221;{}&#8221;][et_pb_column type=&#8221;4_4&#8243; _builder_version=&#8221;4.16&#8243; _module_preset=&#8221;default&#8221; global_colors_info=&#8221;{}&#8221;][et_pb_text _builder_version=&#8221;4.27.5&#8243; _module_preset=&#8221;default&#8221; text_font_size=&#8221;17px&#8221; custom_margin=&#8221;-6px|||||&#8221; global_colors_info=&#8221;{}&#8221;]<\/p>\n<p data-start=\"319\" data-end=\"535\" style=\"text-align: justify;\">El dise\u00f1o gr\u00e1fico digital es una herramienta clave para construir una marca s\u00f3lida, profesional y coherente. A trav\u00e9s del dise\u00f1o, tu negocio transmite confianza, identidad y valor desde el primer contacto visual.<\/p>\n<p data-start=\"537\" data-end=\"959\" style=\"text-align: justify;\">Ofrecemos soluciones integrales de dise\u00f1o gr\u00e1fico digital, enfocadas en crear y fortalecer la imagen de empresas, negocios, escuelas y emprendedores. Realizamos dise\u00f1o de logotipos, imagen corporativa, branding, presentaciones profesionales, material publicitario y edici\u00f3n y optimizaci\u00f3n de im\u00e1genes con inteligencia artificial, adapt\u00e1ndonos a las necesidades espec\u00edficas de cada proyecto.<\/p>\n<p data-start=\"961\" data-end=\"1208\" style=\"text-align: justify;\">Cada dise\u00f1o se desarrolla de manera estrat\u00e9gica, cuidando la est\u00e9tica, los colores, la tipograf\u00eda y el mensaje, para lograr piezas visuales que no solo se vean bien, sino que comuniquen de forma clara y efectiva en medios digitales e impresos.<\/p>\n<p data-start=\"1210\" data-end=\"1372\" style=\"text-align: justify;\">Nuestro objetivo es ayudarte a destacar frente a tu competencia, proyectar una imagen profesional y lograr que tu marca sea reconocida, recordada y confiable.<\/p>\n<p data-start=\"1374\" data-end=\"1479\" style=\"text-align: justify;\">\u2714 Dise\u00f1o personalizado y profesional<br data-start=\"1410\" data-end=\"1413\" \/>\u2714 Identidad visual coherente<br data-start=\"1441\" data-end=\"1444\" \/>\u2714 Soluciones creativas y actuales<\/p>\n<p data-start=\"1374\" data-end=\"1479\" style=\"text-align: justify;\">\n<h4 data-start=\"1481\" data-end=\"1534\"><strong data-start=\"1481\" data-end=\"1534\">Haz que tu marca se vea, se sienta y se recuerde.<\/strong><\/h4>\n<p>[\/et_pb_text][\/et_pb_column][\/et_pb_row][\/et_pb_section][et_pb_section fb_built=&#8221;1&#8243; _builder_version=&#8221;4.16&#8243; _module_preset=&#8221;default&#8221; background_color=&#8221;#88C4DD&#8221; global_colors_info=&#8221;{}&#8221;][\/et_pb_section]<\/p>\n","protected":false},"excerpt":{"rendered":"<p>DISE\u00d1O GR\u00c1FICO DIGITALLa tecnolog\u00eda impulsa lo que imaginas.Dale vida a tu marca y haz que tus espacios hablen por ti.El dise\u00f1o gr\u00e1fico digital es una herramienta clave para construir una marca s\u00f3lida, profesional y coherente. A trav\u00e9s del dise\u00f1o, tu negocio transmite confianza, identidad y valor desde el primer contacto visual. Ofrecemos soluciones integrales de [&hellip;]<\/p>\n","protected":false},"author":1,"featured_media":0,"parent":0,"menu_order":0,"comment_status":"closed","ping_status":"closed","template":"","meta":{"_et_pb_use_builder":"on","_et_pb_old_content":"","_et_gb_content_width":"","footnotes":""},"class_list":["post-163","page","type-page","status-publish","hentry"],"_links":{"self":[{"href":"https:\/\/vinilesarte.com\/index.php?rest_route=\/wp\/v2\/pages\/163","targetHints":{"allow":["GET"]}}],"collection":[{"href":"https:\/\/vinilesarte.com\/index.php?rest_route=\/wp\/v2\/pages"}],"about":[{"href":"https:\/\/vinilesarte.com\/index.php?rest_route=\/wp\/v2\/types\/page"}],"author":[{"embeddable":true,"href":"https:\/\/vinilesarte.com\/index.php?rest_route=\/wp\/v2\/users\/1"}],"replies":[{"embeddable":true,"href":"https:\/\/vinilesarte.com\/index.php?rest_route=%2Fwp%2Fv2%2Fcomments&post=163"}],"version-history":[{"count":6,"href":"https:\/\/vinilesarte.com\/index.php?rest_route=\/wp\/v2\/pages\/163\/revisions"}],"predecessor-version":[{"id":171,"href":"https:\/\/vinilesarte.com\/index.php?rest_route=\/wp\/v2\/pages\/163\/revisions\/171"}],"wp:attachment":[{"href":"https:\/\/vinilesarte.com\/index.php?rest_route=%2Fwp%2Fv2%2Fmedia&parent=163"}],"curies":[{"name":"wp","href":"https:\/\/api.w.org\/{rel}","templated":true}]}}